{"id":9,"date":"2023-11-20T17:38:02","date_gmt":"2023-11-20T17:38:02","guid":{"rendered":"http:\/\/janmichaelstuempert.com\/?page_id=9"},"modified":"2023-11-21T09:40:43","modified_gmt":"2023-11-21T09:40:43","slug":"home","status":"publish","type":"page","link":"https:\/\/janmichaelstuempert.com\/","title":{"rendered":"Home"},"content":{"rendered":"<p>[et_pb_section fb_built=&#8221;1&#8243; _builder_version=&#8221;4.23.1&#8243; _module_preset=&#8221;default&#8221; background_color=&#8221;#30343f&#8221; custom_margin_tablet=&#8221;&#8221; custom_margin_phone=&#8221;0px||0px||false|false&#8221; custom_margin_last_edited=&#8221;on|desktop&#8221; custom_padding=&#8221;0px||0px||false|false&#8221; global_colors_info=&#8221;{}&#8221;][et_pb_row _builder_version=&#8221;4.23.1&#8243; _module_preset=&#8221;default&#8221; global_colors_info=&#8221;{}&#8221;][et_pb_column type=&#8221;4_4&#8243; _builder_version=&#8221;4.23.1&#8243; _module_preset=&#8221;default&#8221; global_colors_info=&#8221;{}&#8221;][et_pb_image src=&#8221;http:\/\/janmichaelstuempert.com\/wp-content\/uploads\/2023\/11\/janmichaelstuempert_Brand.svg&#8221; alt=&#8221;Jan Michael St\u00fcmpert&#8221; title_text=&#8221;Jan Michael St\u00fcmpert&#8221; align=&#8221;center&#8221; _builder_version=&#8221;4.23.1&#8243; _module_preset=&#8221;default&#8221; transform_translate=&#8221;0px|44px&#8221; transform_translate_linked=&#8221;off&#8221; z_index=&#8221;1&#8243; width=&#8221;38%&#8221; width_tablet=&#8221;64%&#8221; width_phone=&#8221;76%&#8221; width_last_edited=&#8221;on|desktop&#8221; animation_style=&#8221;fade&#8221; global_colors_info=&#8221;{}&#8221;][\/et_pb_image][et_pb_image src=&#8221;http:\/\/janmichaelstuempert.com\/wp-content\/uploads\/2023\/11\/Jan_Michael_Stuempert_by_Kai-Steffens_v2.jpg&#8221; alt=&#8221;Jan Michael St\u00fcmpert | Photo by Kai Steffens&#8221; title_text=&#8221;Jan Michael St\u00fcmpert | Photo by Kai Steffens&#8221; align=&#8221;center&#8221; _builder_version=&#8221;4.23.1&#8243; _module_preset=&#8221;default&#8221; width=&#8221;76%&#8221; width_tablet=&#8221;auto&#8221; width_phone=&#8221;100%&#8221; width_last_edited=&#8221;on|phone&#8221; module_alignment=&#8221;center&#8221; animation_style=&#8221;fade&#8221; global_colors_info=&#8221;{}&#8221;][\/et_pb_image][et_pb_text _builder_version=&#8221;4.23.1&#8243; _module_preset=&#8221;default&#8221; text_font=&#8221;Cormorant Garamond||||||||&#8221; text_text_color=&#8221;#d44d5c&#8221; text_font_size=&#8221;32px&#8221; text_orientation=&#8221;center&#8221; animation_style=&#8221;fade&#8221; text_font_size_tablet=&#8221;32px&#8221; text_font_size_phone=&#8221;26px&#8221; text_font_size_last_edited=&#8221;on|desktop&#8221; global_colors_info=&#8221;{}&#8221;]<\/p>\n<p>Schreiben. Sprechen. Lesen.<\/p>\n<p>[\/et_pb_text][et_pb_text _builder_version=&#8221;4.23.1&#8243; _module_preset=&#8221;default&#8221; text_font=&#8221;IBM Plex Sans||||||||&#8221; text_text_color=&#8221;#ffffff&#8221; text_font_size=&#8221;18px&#8221; text_orientation=&#8221;center&#8221; width=&#8221;68%&#8221; width_tablet=&#8221;68%&#8221; width_phone=&#8221;auto&#8221; width_last_edited=&#8221;on|tablet&#8221; module_alignment=&#8221;center&#8221; animation_style=&#8221;fade&#8221; hover_enabled=&#8221;0&#8243; text_font_size_tablet=&#8221;18px&#8221; text_font_size_phone=&#8221;16px&#8221; text_font_size_last_edited=&#8221;on|desktop&#8221; global_colors_info=&#8221;{}&#8221; sticky_enabled=&#8221;0&#8243;]<\/p>\n<p>Mein Name ist Jan Michael Stu\u0308mpert und Worte sind mein Metier.<br \/>Wu\u0308nscht ihr euch individuelle Moderation fu\u0308r euer Event, ma\u00dfgeschneiderte Texte fu\u0308r Print- und Online-Content oder sucht einen erfahrenen Poetry Slammer?<\/p>\n<p>Dann seid ihr nur noch eine Mail entfernt. Schreibt mir eure Vorstellungen und wir finden gemeinsam raus, wie ich sie erfu\u0308llen kann. Ich freue mich auf eure Anfragen!<\/p>\n<p>[\/et_pb_text][et_pb_button button_url=&#8221;mailto:janmichael.liest@gmail.com&#8221; button_text=&#8221;Kontakt&#8221; button_alignment=&#8221;center&#8221; _builder_version=&#8221;4.23.1&#8243; _module_preset=&#8221;default&#8221; custom_button=&#8221;on&#8221; button_text_size=&#8221;16px&#8221; button_bg_color=&#8221;#d44d5c&#8221; button_border_width=&#8221;0px&#8221; button_border_radius=&#8221;5px&#8221; button_letter_spacing=&#8221;0px&#8221; button_font=&#8221;IBM Plex Sans|300|||||||&#8221; button_use_icon=&#8221;off&#8221; background_layout=&#8221;dark&#8221; custom_padding=&#8221;0px|25px|0px|25px|false|false&#8221; animation_style=&#8221;fade&#8221; global_colors_info=&#8221;{}&#8221; button_bg_color__hover_enabled=&#8221;on|desktop&#8221; button_bg_color__hover=&#8221;#07617a&#8221; button_bg_enable_color__hover=&#8221;on&#8221;][\/et_pb_button][et_pb_text _builder_version=&#8221;4.23.1&#8243; _module_preset=&#8221;default&#8221; text_font=&#8221;Cormorant Garamond|600|||||||&#8221; text_text_color=&#8221;#d44d5c&#8221; text_font_size=&#8221;20px&#8221; text_orientation=&#8221;center&#8221; custom_margin=&#8221;||4px||false|false&#8221; animation_style=&#8221;fade&#8221; text_font_size_tablet=&#8221;20px&#8221; text_font_size_phone=&#8221;18px&#8221; text_font_size_last_edited=&#8221;on|phone&#8221; global_colors_info=&#8221;{}&#8221;]<\/p>\n<p>Moderieren \u2013 Schreiben \u2013 Lesen \u2013 Slammen \u2013 Traureden \u2013 Kreativ-Kooperation<\/p>\n<p>[\/et_pb_text][\/et_pb_column][\/et_pb_row][\/et_pb_section]<\/p>\n","protected":false},"excerpt":{"rendered":"<p>W\u00fcnscht ihr euch individuelle Moderation f\u00fcr euer Event, ma\u00dfgeschneiderte Texte f\u00fcr Print- und Online-Content oder sucht einen erfahrenen Poetry Slammer? Dann seid ihr nur noch eine Mail entfernt. Schreibt mir eure Vorstellungen und wir finden gemeinsam raus, wie ich sie erf\u00fcllen kann. Ich freue mich auf eure Anfragen!<\/p>\n","protected":false},"author":1,"featured_media":39,"parent":0,"menu_order":0,"comment_status":"closed","ping_status":"closed","template":"","meta":{"_et_pb_use_builder":"on","_et_pb_old_content":"","_et_gb_content_width":"","inline_featured_image":false,"footnotes":""},"class_list":["post-9","page","type-page","status-publish","has-post-thumbnail","hentry"],"_links":{"self":[{"href":"https:\/\/janmichaelstuempert.com\/index.php?rest_route=\/wp\/v2\/pages\/9","targetHints":{"allow":["GET"]}}],"collection":[{"href":"https:\/\/janmichaelstuempert.com\/index.php?rest_route=\/wp\/v2\/pages"}],"about":[{"href":"https:\/\/janmichaelstuempert.com\/index.php?rest_route=\/wp\/v2\/types\/page"}],"author":[{"embeddable":true,"href":"https:\/\/janmichaelstuempert.com\/index.php?rest_route=\/wp\/v2\/users\/1"}],"replies":[{"embeddable":true,"href":"https:\/\/janmichaelstuempert.com\/index.php?rest_route=%2Fwp%2Fv2%2Fcomments&post=9"}],"version-history":[{"count":22,"href":"https:\/\/janmichaelstuempert.com\/index.php?rest_route=\/wp\/v2\/pages\/9\/revisions"}],"predecessor-version":[{"id":61,"href":"https:\/\/janmichaelstuempert.com\/index.php?rest_route=\/wp\/v2\/pages\/9\/revisions\/61"}],"wp:featuredmedia":[{"embeddable":true,"href":"https:\/\/janmichaelstuempert.com\/index.php?rest_route=\/wp\/v2\/media\/39"}],"wp:attachment":[{"href":"https:\/\/janmichaelstuempert.com\/index.php?rest_route=%2Fwp%2Fv2%2Fmedia&parent=9"}],"curies":[{"name":"wp","href":"https:\/\/api.w.org\/{rel}","templated":true}]}}